{"id":83,"date":"2014-03-31T14:47:24","date_gmt":"2014-03-31T13:47:24","guid":{"rendered":"http:\/\/blogjparrignon.net\/asc2i\/?page_id=83"},"modified":"2020-08-15T09:39:46","modified_gmt":"2020-08-15T08:39:46","slug":"bibliographie-selective-de-jean-pierre-arrignon","status":"publish","type":"page","link":"http:\/\/blogjparrignon.net\/asc2i\/bibliographie-selective-de-jean-pierre-arrignon\/","title":{"rendered":"Bibliographie s\u00e9lective de l&rsquo;auteur"},"content":{"rendered":"<p><b><span style=\"font-size: medium;\"><span style=\"color: #000000;\"><span style=\"font-family: Calibri;\">Bibliographie s\u00e9lective<\/span><\/span><\/span><\/b><\/p>\n<p><span style=\"color: #000000;\"><span style=\"font-family: Calibri; font-size: medium;\">&#8211;<\/span>\u00a0\u00a0\u00a0\u00a0\u00a0\u00a0\u00a0\u00a0\u00a0 <span style=\"font-family: Calibri;\"><i><span style=\"font-size: medium;\">Histoire de l&rsquo;Europe<\/span><\/i><span style=\"font-size: medium;\"> (sous la direction de Jean Carpentier et Fran\u00e7ois Lebrun), ed. Seuil,1990<\/span><\/span><\/span><\/p>\n<p><span style=\"color: #000000;\"><span style=\"font-family: Calibri; font-size: medium;\">&#8211;<\/span>\u00a0\u00a0\u00a0\u00a0\u00a0\u00a0\u00a0\u00a0\u00a0 <span style=\"font-family: Calibri;\"><i><span style=\"font-size: medium;\">Les \u00c9glises slaves : des origines au XVe si\u00e8cle<\/span><\/i><span style=\"font-size: medium;\">, Descl\u00e9e, 1991 (ISBN 2718905263)<\/span><\/span><\/span><\/p>\n<p><span style=\"color: #000000;\"><span style=\"font-family: Calibri; font-size: medium;\">&#8211;<\/span>\u00a0\u00a0\u00a0\u00a0\u00a0\u00a0\u00a0\u00a0\u00a0 <span style=\"font-family: Calibri;\"><i><span style=\"font-size: medium;\">La France et les Fran\u00e7ais aux XIV et XV si\u00e8cles. Soci\u00e9t\u00e9 et Population (en collaboration avec Elisabeth Carpentier)<\/span><\/i><span style=\"font-size: medium;\">, ed. Ophrys, 1993<\/span><\/span><\/span><\/p>\n<p><span style=\"color: #000000;\"><span style=\"font-family: Calibri; font-size: medium;\">&#8211;<\/span>\u00a0\u00a0\u00a0\u00a0\u00a0\u00a0\u00a0\u00a0\u00a0 <span style=\"font-family: Calibri;\"><i><span style=\"font-size: medium;\">Byzance et le monde orthodoxe <\/span><\/i><span style=\"font-size: medium;\">(en collaboration avec Alain Ducellier), ed.Armand Colin, 1997 (ISBN 9782200346997)<\/span><\/span><\/span><\/p>\n<p><span style=\"color: #000000;\"><span style=\"font-family: Calibri; font-size: medium;\">&#8211;<\/span>\u00a0\u00a0\u00a0\u00a0\u00a0\u00a0\u00a0\u00a0\u00a0 <span style=\"font-family: Calibri;\"><i><span style=\"font-size: medium;\">Christianisme et chr\u00e9tient\u00e9s en Occident et en Orient<\/span><\/i><span style=\"font-size: medium;\"> (milieu VIIe-milieu XIe si\u00e8cle), Gap-Paris, Ophrys, (Documents), 1997 (en collaboration avec Bernard MERDRIGNAC et C\u00e9cile TREFFORT).<\/span><\/span><\/span><\/p>\n<p><span style=\"color: #000000;\"><span style=\"font-family: Calibri; font-size: medium;\">&#8211;<\/span>\u00a0\u00a0\u00a0\u00a0\u00a0\u00a0\u00a0\u00a0\u00a0 <span style=\"font-family: Calibri;\"><i><span style=\"font-size: medium;\">\u00a0R\u00e4nder und Grenzen Europas &#8211; eine geopolitische Betrachtung\u00a0\u00bb,<\/span><\/i><span style=\"font-size: medium;\"> dans L. K\u00fcnhardt et M. Rutz (sous la direction de), Die Wiederentdeckung Europas : ein Gang durch Geschichte und Gegenwart, Stuttgart : Deutsche Verlag-Anstalt, 1999, p. 136-148<\/span><\/span><\/span><\/p>\n<p><span style=\"color: #000000;\"><span style=\"font-family: Calibri; font-size: medium;\">&#8211;<\/span>\u00a0\u00a0\u00a0\u00a0\u00a0\u00a0\u00a0\u00a0\u00a0 <span style=\"font-family: Calibri;\"><span style=\"font-size: medium;\">(avec Paolo ODORICO) <i>\u00ab\u00a0L&rsquo;Akrite. L&rsquo;\u00e9pop\u00e9e byzantine de Dig\u00e9nis Akritas<\/i><\/span><span style=\"font-size: medium;\">\u00ab\u00a0, ed. Anacharsis, 2002<\/span><\/span><\/span><\/p>\n<p><span style=\"color: #000000;\"><span style=\"font-family: Calibri; font-size: medium;\">&#8211;<\/span>\u00a0\u00a0\u00a0\u00a0\u00a0\u00a0\u00a0\u00a0<span style=\"color: #3366ff;\">\u00a0<a href=\"http:\/\/www.amazon.fr\/Russie-m%C3%A9di%C3%A9vale-Jean-Pierre-Arrignon\/dp\/225141021X\/ref=sr_1_1?s=books&amp;ie=UTF8&amp;qid=1395135854&amp;sr=1-1&amp;keywords=jean-pierre+arrignon\"><span style=\"color: #3366ff; font-family: Calibri;\"> <span style=\"font-size: medium;\"><i>La Russie m\u00e9di\u00e9vale<\/i>, Belles Lettres, 2003 (ISBN 225141021X)<\/span><\/span><\/a><\/span><\/span><\/p>\n<p><span style=\"color: #000000;\"><span style=\"font-family: Calibri; font-size: medium;\">&#8211;<\/span>\u00a0\u00a0\u00a0\u00a0\u00a0\u00a0\u00a0\u00a0\u00a0 <span style=\"font-family: Calibri;\"><i><span style=\"font-size: medium;\">Byzance : \u00c9conomie et soci\u00e9t\u00e9 (VIIe-XIIe si\u00e8cle)<\/span><\/i><span style=\"font-size: medium;\">, Ellipse, 2007 (ISBN 9782729830120)<\/span><\/span><\/span><\/p>\n<p><span style=\"color: #000000;\"><span style=\"font-family: Calibri; font-size: medium;\">&#8211;<\/span>\u00a0\u00a0\u00a0\u00a0\u00a0\u00a0\u00a0\u00a0\u00a0 <span style=\"font-family: Calibri;\"><i><span style=\"font-size: medium;\">Histoire du monde<\/span><\/i><span style=\"font-size: medium;\"> (sous la direction de Georges Jehel), \u00e9ditions du Temps, 2007<\/span><\/span><\/span><\/p>\n<p><span style=\"color: #000000;\"><span style=\"font-family: Calibri; font-size: medium;\">&#8211;<\/span>\u00a0\u00a0\u00a0\u00a0\u00a0\u00a0\u00a0\u00a0\u00a0 <span style=\"font-family: Calibri;\"><span style=\"color: #0000ff;\"><a href=\"http:\/\/livre.fnac.com\/a1929808\/Jean-Pierre-Arrignon-Russie\"><span style=\"color: #0000ff;\"><i><span style=\"font-size: medium;\">Russie,<\/span><\/i><span style=\"font-size: medium;\"> collection \u00ab Culture Guides \u00bb, ed. PUF, avril 2008 (ISBN 9782130554349)<\/span><\/span><\/a><\/span><span style=\"font-size: medium;\">\u00a0\u00a0<\/span><\/span><\/span><\/p>\n<p><span style=\"color: #000000;\"><span style=\"font-family: Calibri; font-size: medium;\">&#8211;<\/span>\u00a0\u00a0\u00a0\u00a0\u00a0\u00a0\u00a0\u00a0\u00a0 <span style=\"color: #0000ff;\"><a href=\"http:\/\/www.amazon.fr\/Chronique-Nestor-R%C3%A9cit-temps-pass%C3%A9s\/dp\/2914777191\/ref=sr_1_1?s=books&amp;ie=UTF8&amp;qid=1395135916&amp;sr=1-1&amp;keywords=chronique+de+nestor\"><span style=\"color: #0000ff; font-family: Calibri;\"><span style=\"font-size: medium;\"><i>Chronique de Nestor<\/i>, Naissance des mondes russes, ed. Anacharsis, 2008 (ISBN 2914777191) <\/span><\/span><\/a><\/span><\/span><\/p>\n<p><span style=\"color: #000000;\"><span style=\"font-family: Calibri; font-size: medium;\">&#8211;<\/span>\u00a0\u00a0\u00a0\u00a0\u00a0\u00a0\u00a0\u00a0\u00a0 <span style=\"font-family: Calibri;\"><i><span style=\"font-size: medium;\">Pouvoirs, \u00e9glise et soci\u00e9t\u00e9 dans les royaumes <\/span><\/i><span style=\"font-size: medium;\">de France, Bourgogne et Germanie aux Xe et XIe si\u00e8cles (888-vers 1110), \u00e9ditions du Temps, Nantes, 2008 (en collaboration avec Jean HEUCLIN)<\/span><\/span><\/span><\/p>\n<p><span style=\"color: #000000;\"><span style=\"font-family: Calibri; font-size: medium;\">&#8211;<\/span>\u00a0\u00a0\u00a0\u00a0\u00a0\u00a0\u00a0\u00a0\u00a0<span style=\"color: #0000ff;\"><a href=\"http:\/\/www.editions-belin.com\/ewb_pages\/f\/fiche-article-les-trente-nuits-qui-ont-fait-l-histoire-23702.php?destroy=1\"><span style=\"color: #0000ff;\"> <i><span style=\"font-size: medium;\"><span style=\"font-family: Calibri;\">\u00ab\u00a0Les Trente Nuits qui ont fait l\u2019histoire\u00a0\u00bb , collectif, ed. BELIN, 2014 <\/span><\/span><\/i><\/span><\/a><\/span><\/span><\/p>\n<p><span style=\"color: #000000;\"><span style=\"font-family: Calibri; font-size: medium;\">&#8211;<\/span>\u00a0\u00a0\u00a0\u00a0\u00a0\u00a0\u00a0\u00a0\u00a0 <i>\u00ab\u00a0la Russie des Tsars: d&rsquo;Yvan le Terrible \u00e0 Vladimir Poutine\u00a0\u00bb, collectif, ed. Perrin, ao\u00fbt 2016;<br \/>\n<\/i><\/span>&#8211;\u00a0\u00a0<em>\u00ab\u00a0L&rsquo;Histoire de la Russie\u00a0\u00bb, ed. Perrin, parution septembre 2020;\u00a0<\/em><\/p>\n","protected":false},"excerpt":{"rendered":"<p>Bibliographie s\u00e9lective &#8211;\u00a0\u00a0\u00a0\u00a0\u00a0\u00a0\u00a0\u00a0\u00a0 Histoire de l&rsquo;Europe (sous la direction de Jean Carpentier et Fran\u00e7ois Lebrun), ed. Seuil,1990 &#8211;\u00a0\u00a0\u00a0\u00a0\u00a0\u00a0\u00a0\u00a0\u00a0 Les \u00c9glises slaves : des origines au XVe si\u00e8cle, Descl\u00e9e, 1991 (ISBN 2718905263) &#8211;\u00a0\u00a0\u00a0\u00a0\u00a0\u00a0\u00a0\u00a0\u00a0 La France et les Fran\u00e7ais aux XIV et XV si\u00e8cles. Soci\u00e9t\u00e9 et Population (en collaboration avec Elisabeth Carpentier), &hellip; <a class=\"readmore\" href=\"http:\/\/blogjparrignon.net\/asc2i\/bibliographie-selective-de-jean-pierre-arrignon\/\">Lire la suite &rarr;<\/a><\/p>\n","protected":false},"author":3,"featured_media":0,"parent":0,"menu_order":0,"comment_status":"closed","ping_status":"closed","template":"","meta":{"footnotes":""},"class_list":["post-83","page","type-page","status-publish","hentry"],"_links":{"self":[{"href":"http:\/\/blogjparrignon.net\/asc2i\/wp-json\/wp\/v2\/pages\/83","targetHints":{"allow":["GET"]}}],"collection":[{"href":"http:\/\/blogjparrignon.net\/asc2i\/wp-json\/wp\/v2\/pages"}],"about":[{"href":"http:\/\/blogjparrignon.net\/asc2i\/wp-json\/wp\/v2\/types\/page"}],"author":[{"embeddable":true,"href":"http:\/\/blogjparrignon.net\/asc2i\/wp-json\/wp\/v2\/users\/3"}],"replies":[{"embeddable":true,"href":"http:\/\/blogjparrignon.net\/asc2i\/wp-json\/wp\/v2\/comments?post=83"}],"version-history":[{"count":12,"href":"http:\/\/blogjparrignon.net\/asc2i\/wp-json\/wp\/v2\/pages\/83\/revisions"}],"predecessor-version":[{"id":519,"href":"http:\/\/blogjparrignon.net\/asc2i\/wp-json\/wp\/v2\/pages\/83\/revisions\/519"}],"wp:attachment":[{"href":"http:\/\/blogjparrignon.net\/asc2i\/wp-json\/wp\/v2\/media?parent=83"}],"curies":[{"name":"wp","href":"https:\/\/api.w.org\/{rel}","templated":true}]}}