{"id":80,"date":"2014-03-31T14:39:48","date_gmt":"2014-03-31T13:39:48","guid":{"rendered":"http:\/\/blogjparrignon.net\/asc2i\/?page_id=80"},"modified":"2015-02-07T15:44:41","modified_gmt":"2015-02-07T14:44:41","slug":"conferences-de-jean-pierre-arrignon","status":"publish","type":"page","link":"http:\/\/blogjparrignon.net\/asc2i\/conferences-de-jean-pierre-arrignon\/","title":{"rendered":"conf\u00e9rences de Jean-Pierre ARRIGNON"},"content":{"rendered":"<p>Annonce des conf\u00e9rences\u00a0:<\/p>\n<ol>\n<li>le 4\u00a0 avril,\u00a0lors du\u00a0 6<sup>\u00e8me<\/sup> Festival de G\u00e9opolitique \u00e0 Grenoble, la conf\u00e9rence \u00ab\u00a0Les chr\u00e9tient\u00e9s peuvent-elles s\u2019entendre\u00a0\u00bb\u00a0: <span style=\"color: #3366ff;\"><a href=\"http:\/\/www.centregeopolitique.com\/v2\/fr\/6eme-edition\/intervenants2014-2\"><span style=\"color: #3366ff;\">http:\/\/www.centregeopolitique.com\/v2\/fr\/6eme-edition\/intervenants2014-2<\/span><\/a><\/span><\/li>\n<li>le 5 avril, 18h00, Touquet (H\u00f4tel de ville)\u00a0: \u00ab\u00a0Les D\u00e9fis europ\u00e9ens\u00a0: quelle politique de l\u2019Europe vis-\u00e0-vis de le Russie\u00a0?<\/li>\n<li><span style=\"color: #0000ff;\"><a href=\"http:\/\/www.intermedes.com\/conference\/catalog\/index\/lecturer\/7\/null\/\"><span style=\"color: #0000ff;\">http:\/\/www.intermedes.com\/conference\/catalog\/index\/lecturer\/7\/null\/<\/span><\/a><\/span><\/li>\n<li>Le jeudi 12 juin \u00e0 18h30 \u00e0 Toulon , la conf\u00e9rence \u00ab\u00a0l\u2019Ukraine des origines \u00e0 2014\u00a0\u00bb organis\u00e9e par la Fondation M\u00e9diterran\u00e9enne d&rsquo;Etudes Strat\u00e9giques <span style=\"color: #0000ff;\"><a href=\"http:\/\/fmes-france.org\/\"><span style=\"color: #0000ff;\">http:\/\/fmes-france.org\/<\/span><\/a><\/span><\/li>\n<li>le mardi 9 septembre \u00e0 Moscou, la conf\u00e9rence \u00a0\u00bb La Russie et l&rsquo;Ukraine: de Byzance \u00e0 nos jours: permanence et rupture\u00a0\u00bb: <span style=\"color: #3366ff;\"><a title=\"les grandes conf\u00e9rences de mardi\" href=\"http:\/\/www.lecourrierderussie.com\/2014\/08\/mardis-courrier-de-russie\/\"><span style=\"color: #3366ff;\">http:\/\/www.lecourrierderussie.com\/2014\/08\/mardis-courrier-de-russie\/<\/span><\/a><\/span><\/li>\n<li>du\u00a0lundi 15\u00a0septembre au mardi 16 septembre 2014 , Yaroslavl, Russie; colloque franco-russe \u00ab\u00a0La France et La Russie: 1914-1918 &#8211; de l&rsquo;alliance \u00e0 la coop\u00e9ration\u00a0\u00bb <span style=\"color: #0000ff;\"><a title=\"colloque Yaroslavl \" href=\"http:\/\/centenaire.org\/fr\/espace-scientifique\/colloquesseminaires\/france-russie-1914-1918-de-lalliance-la-cooperation\"><span style=\"color: #0000ff;\">http:\/\/centenaire.org\/fr\/espace-scientifique\/colloquesseminaires\/france-russie-1914-1918-de-lalliance-la-cooperation<\/span><\/a><\/span><\/li>\n<li>le mercredi 17 septembre 2014, Mus\u00e9e de la photographie, Moscou, Table ronde \u00ab\u00a0Premi\u00e8re Guerre Mondiale\u00a0\u00bb <span style=\"color: #3366ff;\"><a title=\"table ronde \" href=\"http:\/\/www.mamm-mdf.ru\/events\/detail\/wwi\/\"><span style=\"color: #3366ff;\">http:\/\/www.mamm-mdf.ru\/events\/detail\/wwi\/<\/span><\/a><\/span><\/li>\n<li>du 3 au 5 f\u00e9vrier 2015, Yalta, Colloque international \u00a0\u00bb Yalta 1945: pass\u00e9, pr\u00e9sent, futur\u00a0\u00bb;<\/li>\n<li>le 13 mars 2015, Grenoble, Festival du G\u00e9opolitique: <a href=\"http:\/\/www.centregeopolitique.com\/v2\/fr\/7eme-edition\/intervenants2015-2\"><span style=\"color: #0000ff;\"><span style=\"color: #0000ff;\">http:\/\/www.centregeopolitique.com\/v2\/fr\/7eme-edition\/intervenants2015-2<\/span><\/span><\/a><\/li>\n<\/ol>\n<p>&nbsp;<\/p>\n<p>&nbsp;<\/p>\n","protected":false},"excerpt":{"rendered":"<p>Annonce des conf\u00e9rences\u00a0: le 4\u00a0 avril,\u00a0lors du\u00a0 6\u00e8me Festival de G\u00e9opolitique \u00e0 Grenoble, la conf\u00e9rence \u00ab\u00a0Les chr\u00e9tient\u00e9s peuvent-elles s\u2019entendre\u00a0\u00bb\u00a0: http:\/\/www.centregeopolitique.com\/v2\/fr\/6eme-edition\/intervenants2014-2 le 5 avril, 18h00, Touquet (H\u00f4tel de ville)\u00a0: \u00ab\u00a0Les D\u00e9fis europ\u00e9ens\u00a0: quelle politique de l\u2019Europe vis-\u00e0-vis de le Russie\u00a0? http:\/\/www.intermedes.com\/conference\/catalog\/index\/lecturer\/7\/null\/ Le jeudi 12 juin \u00e0 18h30 \u00e0 Toulon , la &hellip; <a class=\"readmore\" href=\"http:\/\/blogjparrignon.net\/asc2i\/conferences-de-jean-pierre-arrignon\/\">Lire la suite &rarr;<\/a><\/p>\n","protected":false},"author":3,"featured_media":0,"parent":0,"menu_order":0,"comment_status":"closed","ping_status":"closed","template":"","meta":{"footnotes":""},"class_list":["post-80","page","type-page","status-publish","hentry"],"_links":{"self":[{"href":"http:\/\/blogjparrignon.net\/asc2i\/wp-json\/wp\/v2\/pages\/80","targetHints":{"allow":["GET"]}}],"collection":[{"href":"http:\/\/blogjparrignon.net\/asc2i\/wp-json\/wp\/v2\/pages"}],"about":[{"href":"http:\/\/blogjparrignon.net\/asc2i\/wp-json\/wp\/v2\/types\/page"}],"author":[{"embeddable":true,"href":"http:\/\/blogjparrignon.net\/asc2i\/wp-json\/wp\/v2\/users\/3"}],"replies":[{"embeddable":true,"href":"http:\/\/blogjparrignon.net\/asc2i\/wp-json\/wp\/v2\/comments?post=80"}],"version-history":[{"count":13,"href":"http:\/\/blogjparrignon.net\/asc2i\/wp-json\/wp\/v2\/pages\/80\/revisions"}],"predecessor-version":[{"id":282,"href":"http:\/\/blogjparrignon.net\/asc2i\/wp-json\/wp\/v2\/pages\/80\/revisions\/282"}],"wp:attachment":[{"href":"http:\/\/blogjparrignon.net\/asc2i\/wp-json\/wp\/v2\/media?parent=80"}],"curies":[{"name":"wp","href":"https:\/\/api.w.org\/{rel}","templated":true}]}}