{"id":77,"date":"2014-03-31T14:31:54","date_gmt":"2014-03-31T13:31:54","guid":{"rendered":"http:\/\/blogjparrignon.net\/asc2i\/?page_id=77"},"modified":"2019-05-24T16:51:37","modified_gmt":"2019-05-24T15:51:37","slug":"biographie-de-jean-pierre-arrignon","status":"publish","type":"page","link":"http:\/\/blogjparrignon.net\/asc2i\/biographie-de-jean-pierre-arrignon\/","title":{"rendered":"Biographie"},"content":{"rendered":"<p><b>Jean-Pierre Arrignon<\/b> (n\u00e9 en 1943), est un historien fran\u00e7ais, sp\u00e9cialiste du Moyen \u00c2ge et de la Russie.<\/p>\n<p>Agr\u00e9g\u00e9 d\u2019histoire et Docteur d&rsquo;\u00c9tat, il a fait ses \u00e9tudes \u00e0 l\u2019\u00c9cole pratique des hautes \u00e9tudes. Il a soutenu sa th\u00e8se intitul\u00e9e <i>La chaire m\u00e9tropolitaine de Kiev<\/i>, des origines \u00e0 1240 (Sorbonne, 1986) sous la direction d\u2019H\u00e9l\u00e8ne Ahrweiler. Ses recherches portent sur le monde slave m\u00e9di\u00e9val : politique, religieux, militaire, culturel entre le VIIe et le XVe si\u00e8cle. Son int\u00e9r\u00eat s&rsquo;\u00e9tend \u00e9galement \u00e0 l\u2019orthodoxie, \u00e0 l&rsquo;histoire de la Russie contemporaine, en particulier autour de Vladimir Poutine. En qualit\u00e9 de Professeur des Universit\u00e9s, il a enseign\u00e9 \u00e0 l\u2019universit\u00e9 de Poitiers o\u00f9 il a occup\u00e9 les fonctions de doyen de la facult\u00e9 des Sciences humaines et ensuite \u00e0 l\u2019Universit\u00e9 d\u2019Artois. Il fut aussi charg\u00e9 de conf\u00e9rence \u00e0 l\u2019EHESS (Centre d\u2019\u00e9tudes byzantines, n\u00e9o-hell\u00e9niques et du sud-est europ\u00e9en).<\/p>\n<p>De janvier 1995 \u00e0 2000, Jean-Pierre Arrignon a pr\u00e9sid\u00e9 le Centre de Culture europ\u00e9enne de Saint-Jean-d&rsquo;Angely. Il a \u00e9t\u00e9 cofondateur de la Maison Poitou-Charentes \u00e0 Yaroslavl (Russie). Il a \u00e9t\u00e9 Conseiller D\u00e9fense aupr\u00e8s du pr\u00e9fet de r\u00e9gion Poitou-Charentes. En 1994, il a \u00e9t\u00e9 \u00e9lu Expert du Gouvernement polonais pour l&rsquo;UNESCO. Sous la pr\u00e9sidence de Ren\u00e9 Monory, Pr\u00e9sident du S\u00e9nat, Jean-Pierre Arrignon a \u00e9t\u00e9 membre du Conseil d&rsquo;administration de la Fondation pour la Prospective et l&rsquo;Innovation.<\/p>\n<p>Jean-Pierre Arrignon est auditeur de l\u2019IHEDN depuis 1986 (session de Toulouse)et conf\u00e9rencier national.\u00a0 Il est Pr\u00e9sident de l\u2019AR15 IHEDN Nord\/Pas-de-Calais &#8211; Belgique-Luxembourg.<\/p>\n<p>En 1994, il est \u00e9lu Docteur Honoris Causa de l\u2019universit\u00e9 de Iaroslavl (Russie).<\/p>\n<p>Il partage sa vie et son temps entre la France et la Russie.<\/p>\n","protected":false},"excerpt":{"rendered":"<p>Jean-Pierre Arrignon (n\u00e9 en 1943), est un historien fran\u00e7ais, sp\u00e9cialiste du Moyen \u00c2ge et de la Russie. Agr\u00e9g\u00e9 d\u2019histoire et Docteur d&rsquo;\u00c9tat, il a fait ses \u00e9tudes \u00e0 l\u2019\u00c9cole pratique des hautes \u00e9tudes. Il a soutenu sa th\u00e8se intitul\u00e9e La chaire m\u00e9tropolitaine de Kiev, des origines \u00e0 1240 (Sorbonne, 1986) &hellip; <a class=\"readmore\" href=\"http:\/\/blogjparrignon.net\/asc2i\/biographie-de-jean-pierre-arrignon\/\">Lire la suite &rarr;<\/a><\/p>\n","protected":false},"author":3,"featured_media":0,"parent":0,"menu_order":0,"comment_status":"closed","ping_status":"closed","template":"","meta":{"footnotes":""},"class_list":["post-77","page","type-page","status-publish","hentry"],"_links":{"self":[{"href":"http:\/\/blogjparrignon.net\/asc2i\/wp-json\/wp\/v2\/pages\/77","targetHints":{"allow":["GET"]}}],"collection":[{"href":"http:\/\/blogjparrignon.net\/asc2i\/wp-json\/wp\/v2\/pages"}],"about":[{"href":"http:\/\/blogjparrignon.net\/asc2i\/wp-json\/wp\/v2\/types\/page"}],"author":[{"embeddable":true,"href":"http:\/\/blogjparrignon.net\/asc2i\/wp-json\/wp\/v2\/users\/3"}],"replies":[{"embeddable":true,"href":"http:\/\/blogjparrignon.net\/asc2i\/wp-json\/wp\/v2\/comments?post=77"}],"version-history":[{"count":4,"href":"http:\/\/blogjparrignon.net\/asc2i\/wp-json\/wp\/v2\/pages\/77\/revisions"}],"predecessor-version":[{"id":476,"href":"http:\/\/blogjparrignon.net\/asc2i\/wp-json\/wp\/v2\/pages\/77\/revisions\/476"}],"wp:attachment":[{"href":"http:\/\/blogjparrignon.net\/asc2i\/wp-json\/wp\/v2\/media?parent=77"}],"curies":[{"name":"wp","href":"https:\/\/api.w.org\/{rel}","templated":true}]}}