{"id":522,"date":"2020-09-27T08:25:00","date_gmt":"2020-09-27T07:25:00","guid":{"rendered":"http:\/\/blogjparrignon.net\/asc2i\/?page_id=522"},"modified":"2020-09-27T08:27:36","modified_gmt":"2020-09-27T07:27:36","slug":"une-histoire-de-la-russie","status":"publish","type":"page","link":"http:\/\/blogjparrignon.net\/asc2i\/une-histoire-de-la-russie\/","title":{"rendered":"UNE HISTOIRE DE LA RUSSIE"},"content":{"rendered":"\n<h2 class=\"wp-block-heading\"><a href=\"https:\/\/www.lisez.com\/auteur\/jean-pierre-arrignon\/1869\">Jean-Pierre ARRIGNON<\/a><\/h2>\n\n\n\n<figure class=\"wp-block-image size-large\"><img loading=\"lazy\" decoding=\"async\" width=\"351\" height=\"548\" src=\"http:\/\/blogjparrignon.net\/asc2i\/wp-content\/uploads\/2020\/09\/LA_RUSSIE.jpg\" alt=\"\" class=\"wp-image-524\" srcset=\"http:\/\/blogjparrignon.net\/asc2i\/wp-content\/uploads\/2020\/09\/LA_RUSSIE.jpg 351w, http:\/\/blogjparrignon.net\/asc2i\/wp-content\/uploads\/2020\/09\/LA_RUSSIE-135x210.jpg 135w\" sizes=\"auto, (max-width: 351px) 100vw, 351px\" \/><\/figure>\n\n\n\n<p>Date de parution : 01\/10\/2020<\/p>\n\n\n\n<p><strong>Une synth\u00e8se globale par un sp\u00e9cialiste incontest\u00e9.<\/strong>On conna\u00eet la sentence de Churchill&nbsp;: \u00ab&nbsp;La Russie est un r\u00e9bus envelopp\u00e9 de myst\u00e8re au sein d\u2019une \u00e9nigme.&nbsp;\u00bb Son histoire r\u00e9sulte d\u2019une longue construction de plus d\u2019un mill\u00e9naire, \u00e9labor\u00e9e sous deux dynasties, celles des Riourikides et des Romanov, avant un XX<sup>e<\/sup>&nbsp;si\u00e8cle plac\u00e9 sous l\u2019\u00e9gide de la \u00ab&nbsp;grande r\u00e9volution d\u2019Octobre&nbsp;\u00bb. Cette derni\u00e8re va g\u00e9n\u00e9rer un projet soci\u00e9tal, \u00e0 l\u2019\u00e9chelle mondiale, pr\u00e9tendant construire une soci\u00e9t\u00e9 plus juste, socialiste, et capable de rivaliser avec le monde capitaliste occidental. Jean-Pierre Arrignon, \u00e9tudiant aussi bien les \u00e9v\u00e9nements politiques, \u00e9conomiques, militaires, artistiques et culturels qu\u2019architecturaux, d\u00e9crit avec passion les sp\u00e9cificit\u00e9s de l\u2019\u00e9dification de ce pays-continent qui, \u00e0 travers les si\u00e8cles, a travers\u00e9 les pires \u00e9preuves et a toujours su se reconstruire. Consid\u00e9rant la Russie comme la fille a\u00een\u00e9e de Constantinople, il rend toute sa place \u00e0 une dynamique culturelle fondatrice d\u2019une civilisation dont l\u2019\u00c9glise orthodoxe est l\u2019un des piliers \u2013&nbsp;et la langue russe le cic\u00e9rone. \u00c0 travers cette vaste fresque, il s\u2019attache \u00e0 ce que l\u2019on comprenne la Russie avant de la juger \u2013&nbsp;elle qui reste en effet mal connue et souvent critiqu\u00e9e. \u00c0 ce que l\u2019on apprenne, aussi, \u00e0 appr\u00e9cier ses in\u00e9puisables richesses.<br>Une somme brillante et enlev\u00e9e, qui fera date.<\/p>\n\n\n\n<p><a href=\"https:\/\/www.lisez.com\/livre-grand-format\/une-histoire-de-la-russie\/9782262051624\" data-type=\"URL\" data-id=\"https:\/\/www.lisez.com\/livre-grand-format\/une-histoire-de-la-russie\/9782262051624\" target=\"_blank\" rel=\"noreferrer noopener\">Vers le site d&rsquo;origine.<\/a><\/p>\n","protected":false},"excerpt":{"rendered":"<p>Jean-Pierre ARRIGNON Date de parution : 01\/10\/2020 Une synth\u00e8se globale par un sp\u00e9cialiste incontest\u00e9.On conna\u00eet la sentence de Churchill&nbsp;: \u00ab&nbsp;La Russie est un r\u00e9bus envelopp\u00e9 de myst\u00e8re au sein d\u2019une \u00e9nigme.&nbsp;\u00bb Son histoire r\u00e9sulte d\u2019une longue construction de plus d\u2019un mill\u00e9naire, \u00e9labor\u00e9e sous deux dynasties, celles des Riourikides et des &hellip; <a class=\"readmore\" href=\"http:\/\/blogjparrignon.net\/asc2i\/une-histoire-de-la-russie\/\">Lire la suite &rarr;<\/a><\/p>\n","protected":false},"author":2,"featured_media":0,"parent":0,"menu_order":0,"comment_status":"closed","ping_status":"closed","template":"","meta":{"footnotes":""},"class_list":["post-522","page","type-page","status-publish","hentry"],"_links":{"self":[{"href":"http:\/\/blogjparrignon.net\/asc2i\/wp-json\/wp\/v2\/pages\/522","targetHints":{"allow":["GET"]}}],"collection":[{"href":"http:\/\/blogjparrignon.net\/asc2i\/wp-json\/wp\/v2\/pages"}],"about":[{"href":"http:\/\/blogjparrignon.net\/asc2i\/wp-json\/wp\/v2\/types\/page"}],"author":[{"embeddable":true,"href":"http:\/\/blogjparrignon.net\/asc2i\/wp-json\/wp\/v2\/users\/2"}],"replies":[{"embeddable":true,"href":"http:\/\/blogjparrignon.net\/asc2i\/wp-json\/wp\/v2\/comments?post=522"}],"version-history":[{"count":2,"href":"http:\/\/blogjparrignon.net\/asc2i\/wp-json\/wp\/v2\/pages\/522\/revisions"}],"predecessor-version":[{"id":525,"href":"http:\/\/blogjparrignon.net\/asc2i\/wp-json\/wp\/v2\/pages\/522\/revisions\/525"}],"wp:attachment":[{"href":"http:\/\/blogjparrignon.net\/asc2i\/wp-json\/wp\/v2\/media?parent=522"}],"curies":[{"name":"wp","href":"https:\/\/api.w.org\/{rel}","templated":true}]}}