{"id":452,"date":"2018-08-23T21:53:41","date_gmt":"2018-08-23T20:53:41","guid":{"rendered":"http:\/\/blogjparrignon.net\/asc2i\/?page_id=452"},"modified":"2018-08-23T22:00:12","modified_gmt":"2018-08-23T21:00:12","slug":"histoire-de-leurope-chez-ozon-ru","status":"publish","type":"page","link":"http:\/\/blogjparrignon.net\/asc2i\/histoire-de-leurope-chez-ozon-ru\/","title":{"rendered":"Histoire de l&rsquo;Europe chez ozon.ru"},"content":{"rendered":"<p><a href=\" https:\/\/www.ozon.ru\/context\/detail\/id\/141993941\/\"><img loading=\"lazy\" decoding=\"async\" class=\"alignnone wp-image-450 size-medium\" src=\"http:\/\/blogjparrignon.net\/asc2i\/wp-content\/uploads\/2018\/08\/1020131274-1-547x800.jpg\" alt=\"\" width=\"547\" height=\"800\" srcset=\"http:\/\/blogjparrignon.net\/asc2i\/wp-content\/uploads\/2018\/08\/1020131274-1-547x800.jpg 547w, http:\/\/blogjparrignon.net\/asc2i\/wp-content\/uploads\/2018\/08\/1020131274-1-768x1123.jpg 768w, http:\/\/blogjparrignon.net\/asc2i\/wp-content\/uploads\/2018\/08\/1020131274-1-701x1024.jpg 701w, http:\/\/blogjparrignon.net\/asc2i\/wp-content\/uploads\/2018\/08\/1020131274-1-144x210.jpg 144w, http:\/\/blogjparrignon.net\/asc2i\/wp-content\/uploads\/2018\/08\/1020131274-1.jpg 821w\" sizes=\"auto, (max-width: 547px) 100vw, 547px\" \/><\/a><\/p>\n<p>Couverture rigide<\/p>\n<p>Les auteurs<\/p>\n<p><a href=\"https:\/\/www.ozon.ru\/person\/5729469\/\">Jean-Pierre Potro<\/a>\u00a0,\u00a0<a href=\"https:\/\/www.ozon.ru\/person\/5729470\/\">Alain Tranua<\/a>\u00a0,\u00a0<a href=\"https:\/\/www.ozon.ru\/person\/3865705\/\">Elizabeth Karpantier<\/a>\u00a0,\u00a0<a href=\"https:\/\/www.ozon.ru\/person\/5729471\/\">Jean-Pierre Arrignon<\/a>\u00a0,\u00a0<a href=\"https:\/\/www.ozon.ru\/person\/3865704\/\">Fran\u00e7ois Lebrun<\/a>\u00a0,\u00a0<a href=\"https:\/\/www.ozon.ru\/person\/5729472\/\">Dominique Bourne<\/a>\u00a0,\u00a0<a href=\"https:\/\/www.ozon.ru\/person\/329190\/\">Becker Jean-Pierre<\/a><\/p>\n<p>Format de l&rsquo;\u00e9dition : 130&#215;200 mm (format moyen)<\/p>\n<p>Nombre de pages : 704<\/p>\n<p>Ann\u00e9e de fabrication : 2017<\/p>\n<p>ISBN : 978-5-8071-0365-9<\/p>\n<p>Description<\/p>\n<p><strong>De l&rsquo;\u00e9diteur<\/strong><\/p>\n<p>Le livre pr\u00e9sent\u00e9 \u00e0 l&rsquo;attention du lecteur est consacr\u00e9 \u00e0 l&rsquo;histoire de l&rsquo;Europe depuis le d\u00e9but des temps jusqu&rsquo;\u00e0 nos jours.<br \/>\n\u00e9quipe de\u00a0r\u00e9daction, qui comprend plusieurs historiens v\u00e9n\u00e9rables fran\u00e7ais, a\u00a0fix\u00e9 un objectif de montrer comment il y avait une naissance longue et difficile de l&rsquo;\u00a0Europe moderne: le berceau de l&rsquo;\u00a0antiquit\u00e9, la\u00a0guerre survivante, les\u00a0conflits politiques, les\u00a0crises \u00e9conomiques, culturelles ups, la\u00a0civilisation europ\u00e9enne a\u00a0\u00e9merg\u00e9.<br \/>\nLes auteurs consid\u00e8rent en d\u00e9tail toutes les \u00e9tapes de l&rsquo;\u00a0histoire europ\u00e9enne: l&rsquo;\u00e8re du m\u00e9galithique, celtique, grecque, romaine, l&rsquo;\u00a0expansion germanique et slave, la naissance de l&rsquo;\u00a0art roman, puis gothique, la Renaissance, la p\u00e9riode de r\u00e9volution et de la\u00a0domination coloniale, les guerres mondiales.<br \/>\nSur les pages du livre, il y a des portraits brefs, mais vastes, des principaux acteurs de l&rsquo;\u00e9volution s\u00e9culaire, de P\u00e9ricl\u00e8s, Charlemagne, Churchill et Staline.<br \/>\nSelon les rapports des plus grandes revues europ\u00e9ennes, ce travail a \u00e9t\u00e9 unanimement reconnu comme une \u00ab\u00a0synth\u00e8se monumentale\u00a0\u00bb, qui n\u2019a pas la m\u00eame port\u00e9e et le m\u00eame contenu.<\/p>\n<p><a href=\"https:\/\/www.ozon.ru\/context\/detail\/id\/141993941\/\">Lien vers le site d&rsquo;origine&#8230;<\/a><\/p>\n","protected":false},"excerpt":{"rendered":"<p>Couverture rigide Les auteurs Jean-Pierre Potro\u00a0,\u00a0Alain Tranua\u00a0,\u00a0Elizabeth Karpantier\u00a0,\u00a0Jean-Pierre Arrignon\u00a0,\u00a0Fran\u00e7ois Lebrun\u00a0,\u00a0Dominique Bourne\u00a0,\u00a0Becker Jean-Pierre Format de l&rsquo;\u00e9dition : 130&#215;200 mm (format moyen) Nombre de pages : 704 Ann\u00e9e de fabrication : 2017 ISBN : 978-5-8071-0365-9 Description De l&rsquo;\u00e9diteur Le livre pr\u00e9sent\u00e9 \u00e0 l&rsquo;attention du lecteur est consacr\u00e9 \u00e0 l&rsquo;histoire de l&rsquo;Europe depuis &hellip; <a class=\"readmore\" href=\"http:\/\/blogjparrignon.net\/asc2i\/histoire-de-leurope-chez-ozon-ru\/\">Lire la suite &rarr;<\/a><\/p>\n","protected":false},"author":2,"featured_media":0,"parent":0,"menu_order":0,"comment_status":"closed","ping_status":"closed","template":"","meta":{"footnotes":""},"class_list":["post-452","page","type-page","status-publish","hentry"],"_links":{"self":[{"href":"http:\/\/blogjparrignon.net\/asc2i\/wp-json\/wp\/v2\/pages\/452","targetHints":{"allow":["GET"]}}],"collection":[{"href":"http:\/\/blogjparrignon.net\/asc2i\/wp-json\/wp\/v2\/pages"}],"about":[{"href":"http:\/\/blogjparrignon.net\/asc2i\/wp-json\/wp\/v2\/types\/page"}],"author":[{"embeddable":true,"href":"http:\/\/blogjparrignon.net\/asc2i\/wp-json\/wp\/v2\/users\/2"}],"replies":[{"embeddable":true,"href":"http:\/\/blogjparrignon.net\/asc2i\/wp-json\/wp\/v2\/comments?post=452"}],"version-history":[{"count":2,"href":"http:\/\/blogjparrignon.net\/asc2i\/wp-json\/wp\/v2\/pages\/452\/revisions"}],"predecessor-version":[{"id":455,"href":"http:\/\/blogjparrignon.net\/asc2i\/wp-json\/wp\/v2\/pages\/452\/revisions\/455"}],"wp:attachment":[{"href":"http:\/\/blogjparrignon.net\/asc2i\/wp-json\/wp\/v2\/media?parent=452"}],"curies":[{"name":"wp","href":"https:\/\/api.w.org\/{rel}","templated":true}]}}