{"id":431,"date":"2017-11-30T10:27:20","date_gmt":"2017-11-30T09:27:20","guid":{"rendered":"http:\/\/blogjparrignon.net\/asc2i\/?page_id=431"},"modified":"2017-11-30T10:32:07","modified_gmt":"2017-11-30T09:32:07","slug":"la-russie-medievale","status":"publish","type":"page","link":"http:\/\/blogjparrignon.net\/asc2i\/la-russie-medievale\/","title":{"rendered":"La Russie m\u00e9di\u00e9vale"},"content":{"rendered":"<p><img loading=\"lazy\" decoding=\"async\" class=\"alignnone wp-image-426 size-full\" src=\"http:\/\/blogjparrignon.net\/asc2i\/wp-content\/uploads\/2017\/11\/La-russie-medievale.jpg\" alt=\"\" width=\"300\" height=\"469\" srcset=\"http:\/\/blogjparrignon.net\/asc2i\/wp-content\/uploads\/2017\/11\/La-russie-medievale.jpg 300w, http:\/\/blogjparrignon.net\/asc2i\/wp-content\/uploads\/2017\/11\/La-russie-medievale-134x210.jpg 134w\" sizes=\"auto, (max-width: 300px) 100vw, 300px\" \/><\/p>\n<div class=\"author\"><a href=\"https:\/\/www.lesbelleslettres.com\/contributeur\/jean-pierre-arrignon\">JEAN-PIERRE ARRIGNON<\/a><\/div>\n<h1 id=\"book-title\">La Russie m\u00e9di\u00e9vale<\/h1>\n<h3 id=\"presentation-title\">PR\u00c9SENTATION<\/h3>\n<div id=\"description-content\">\n<p>La Russie m\u00e9di\u00e9vale ou\u00a0<em>Rus&rsquo;\u00a0<\/em>install\u00e9e tout au long de l&rsquo;axe fluvial du Dnepr et du Volkhov, le long de la c\u00e9l\u00e8bre \u00abroute des Var\u00e8gues aux Grecs\u00bb, fait son entr\u00e9e dans la communaut\u00e9 des Etats chr\u00e9tiens que pr\u00e9side l\u2019empereur romain de Constantinople \u00e0 la fin du X<sup>e<\/sup>\u00a0si\u00e8cle.<\/p>\n<p>D\u00e8s lors, l\u2019architecture en brique et pierre, se d\u00e9veloppe sous l\u2019influence des artisans byzantins venus apporter leur savoir-faire. Ainsi, tout au long du Xie si\u00e8cle, la\u00a0<em>slavia orthodoxia<\/em>\u00a0se couvre elle aussi d\u2019un \u00abblanc manteau d\u2019\u00e9glises\u00bbdont les plus beaux fleurons ont travers\u00e9 les \u00e2ges: Sainte-Sophie de Kiev, avec ses vastes surfaces de mosa\u00efques et ses c\u00e9l\u00e8bres fresques. Sainte-Sophie de Novgorod et sa c\u00e9l\u00e8bre porte de bronze du XIIe , \u0153uvre des artisans allemands.<\/p>\n<p>A la fin du XI<sup>e<\/sup>\u00a0si\u00e8cle et tout au long du XII<sup>e<\/sup>\u00a0, la\u00a0<em>Rus<\/em>\u2019 se morcelle de principaut\u00e9s dont chaque ville veut montrer sa puissance et sa richesse en construisant une \u00e9glise cath\u00e9drale et en se dotant d\u2019\u00e9glises et de palais. Ainsi se forma dans la M\u00e9sopotamie russe entre la Volga et l\u2019Oka, le fameux \u00abanneau d\u2019or\u00bb que constituent les villes de Souzdal, Vladimir, Jaroslav\u2026Les fa\u00e7ades en pierre, richement d\u00e9cor\u00e9es de sculptures r\u00e9alis\u00e9es par des ma\u00eetres venus de l\u2019\u00e9tranger ont suscit\u00e9 beaucoup d\u2019interrogations, mais nous ont donn\u00e9 de v\u00e9ritables chefs-d\u2019\u0153uvre de l\u2019art qui font de la\u00a0<em>Rus\u2019<\/em>\u00a0pr\u00e9mongole, une exceptionnelle terre de culture et de civilisation qui, dans la seconde moiti\u00e9 du XIIIe si\u00e8cle sera incorpor\u00e9e \u00e0 l\u2019immense empire mongol qui s\u2019\u00e9tend de l\u2019Adriatique \u00e0 la mer de Chine.<\/p>\n<p>C\u2019est pour permettre de la mieux lire, de la mieux comprendre et de la mieux aimer que ce guide est propos\u00e9.<\/p>\n<p><a href=\"https:\/\/www.lesbelleslettres.com\/livre\/1324-la-russie-medievale\">Lien vers le site d&rsquo;origine&#8230;<\/a><\/p>\n<\/div>\n","protected":false},"excerpt":{"rendered":"<p>JEAN-PIERRE ARRIGNON La Russie m\u00e9di\u00e9vale PR\u00c9SENTATION La Russie m\u00e9di\u00e9vale ou\u00a0Rus&rsquo;\u00a0install\u00e9e tout au long de l&rsquo;axe fluvial du Dnepr et du Volkhov, le long de la c\u00e9l\u00e8bre \u00abroute des Var\u00e8gues aux Grecs\u00bb, fait son entr\u00e9e dans la communaut\u00e9 des Etats chr\u00e9tiens que pr\u00e9side l\u2019empereur romain de Constantinople \u00e0 la fin du &hellip; <a class=\"readmore\" href=\"http:\/\/blogjparrignon.net\/asc2i\/la-russie-medievale\/\">Lire la suite &rarr;<\/a><\/p>\n","protected":false},"author":2,"featured_media":0,"parent":0,"menu_order":0,"comment_status":"closed","ping_status":"closed","template":"","meta":{"footnotes":""},"class_list":["post-431","page","type-page","status-publish","hentry"],"_links":{"self":[{"href":"http:\/\/blogjparrignon.net\/asc2i\/wp-json\/wp\/v2\/pages\/431","targetHints":{"allow":["GET"]}}],"collection":[{"href":"http:\/\/blogjparrignon.net\/asc2i\/wp-json\/wp\/v2\/pages"}],"about":[{"href":"http:\/\/blogjparrignon.net\/asc2i\/wp-json\/wp\/v2\/types\/page"}],"author":[{"embeddable":true,"href":"http:\/\/blogjparrignon.net\/asc2i\/wp-json\/wp\/v2\/users\/2"}],"replies":[{"embeddable":true,"href":"http:\/\/blogjparrignon.net\/asc2i\/wp-json\/wp\/v2\/comments?post=431"}],"version-history":[{"count":2,"href":"http:\/\/blogjparrignon.net\/asc2i\/wp-json\/wp\/v2\/pages\/431\/revisions"}],"predecessor-version":[{"id":433,"href":"http:\/\/blogjparrignon.net\/asc2i\/wp-json\/wp\/v2\/pages\/431\/revisions\/433"}],"wp:attachment":[{"href":"http:\/\/blogjparrignon.net\/asc2i\/wp-json\/wp\/v2\/media?parent=431"}],"curies":[{"name":"wp","href":"https:\/\/api.w.org\/{rel}","templated":true}]}}