{"id":420,"date":"2017-11-30T09:59:03","date_gmt":"2017-11-30T08:59:03","guid":{"rendered":"http:\/\/blogjparrignon.net\/asc2i\/?page_id=420"},"modified":"2017-11-30T10:37:04","modified_gmt":"2017-11-30T09:37:04","slug":"histoire-de-leurope","status":"publish","type":"page","link":"http:\/\/blogjparrignon.net\/asc2i\/histoire-de-leurope\/","title":{"rendered":"Histoire de l&rsquo;Europe"},"content":{"rendered":"<p><img loading=\"lazy\" decoding=\"async\" class=\"alignnone wp-image-419 size-full\" src=\"http:\/\/blogjparrignon.net\/asc2i\/wp-content\/uploads\/2017\/11\/Histoire-de-europe.jpg\" alt=\"\" width=\"363\" height=\"600\" srcset=\"http:\/\/blogjparrignon.net\/asc2i\/wp-content\/uploads\/2017\/11\/Histoire-de-europe.jpg 363w, http:\/\/blogjparrignon.net\/asc2i\/wp-content\/uploads\/2017\/11\/Histoire-de-europe-127x210.jpg 127w\" sizes=\"auto, (max-width: 363px) 100vw, 363px\" \/><\/p>\n<div class=\"row collapse\">\n<div class=\"small-24 medium-17 large-17 columns\">\n<h1>Histoire de l&rsquo;Europe<\/h1>\n<div id=\"intervenants\">\n<div class=\"texteLong\">\n<h4 class=\"participant-illu\"><a title=\"Voir la fiche auteur de Jean Carpentier\" href=\"http:\/\/www.seuil.com\/recherche?s=Jean%20Carpentier\">Directeur d&rsquo;ouvrage : Jean Carpentier<\/a><\/h4>\n<h4 class=\"participant-illu\"><a title=\"Voir la fiche auteur de Fran\u00e7ois Lebrun\" href=\"http:\/\/www.seuil.com\/recherche?s=Fran%C3%A7ois%20Lebrun\">Directeur d&rsquo;ouvrage : Fran\u00e7ois Lebrun<\/a><\/h4>\n<\/div>\n<\/div>\n<\/div>\n<\/div>\n<div id=\"description-ouvrage\" class=\"texte\">\n<div class=\"texteLong\">\n<p>Histoire de l\u2019Europe<\/p>\n<p>\u00ab Voici un livre qui [\u2026] apporte des r\u00e9ponses aux questions que l\u2019actualit\u00e9 pose aux Europ\u00e9ens sur leur identit\u00e9 et l\u2019avenir de leur continent. Arrivant \u00e0 point nomm\u00e9, ce livre ob\u00e9it aussi \u00e0 une n\u00e9cessit\u00e9 ind\u00e9pendante des circonstances : il nous explique notre temps. \u00bb<\/p>\n<p>Ren\u00e9 R\u00e9mond<\/p>\n<p>Jean Carpentier, Jean-Pierre Pautreau, Alain Tranoy<\/p>\n<p>\u00c9lisabeth Carpentier, Jean-Pierre Arrignon<\/p>\n<p>Fran\u00e7ois Lebrun, Dominique Borne, Jean-Jacques Becker<\/p>\n<p><a href=\"http:\/\/www.seuil.com\/ouvrage\/histoire-de-l-europe-jean-carpentier\/9782757849835\">Lien vers le site d&rsquo;origine&#8230;<\/a><\/p>\n<\/div>\n<\/div>\n","protected":false},"excerpt":{"rendered":"<p>Histoire de l&rsquo;Europe Directeur d&rsquo;ouvrage : Jean Carpentier Directeur d&rsquo;ouvrage : Fran\u00e7ois Lebrun Histoire de l\u2019Europe \u00ab Voici un livre qui [\u2026] apporte des r\u00e9ponses aux questions que l\u2019actualit\u00e9 pose aux Europ\u00e9ens sur leur identit\u00e9 et l\u2019avenir de leur continent. Arrivant \u00e0 point nomm\u00e9, ce livre ob\u00e9it aussi \u00e0 une &hellip; <a class=\"readmore\" href=\"http:\/\/blogjparrignon.net\/asc2i\/histoire-de-leurope\/\">Lire la suite &rarr;<\/a><\/p>\n","protected":false},"author":2,"featured_media":0,"parent":0,"menu_order":0,"comment_status":"closed","ping_status":"closed","template":"","meta":{"footnotes":""},"class_list":["post-420","page","type-page","status-publish","hentry"],"_links":{"self":[{"href":"http:\/\/blogjparrignon.net\/asc2i\/wp-json\/wp\/v2\/pages\/420","targetHints":{"allow":["GET"]}}],"collection":[{"href":"http:\/\/blogjparrignon.net\/asc2i\/wp-json\/wp\/v2\/pages"}],"about":[{"href":"http:\/\/blogjparrignon.net\/asc2i\/wp-json\/wp\/v2\/types\/page"}],"author":[{"embeddable":true,"href":"http:\/\/blogjparrignon.net\/asc2i\/wp-json\/wp\/v2\/users\/2"}],"replies":[{"embeddable":true,"href":"http:\/\/blogjparrignon.net\/asc2i\/wp-json\/wp\/v2\/comments?post=420"}],"version-history":[{"count":3,"href":"http:\/\/blogjparrignon.net\/asc2i\/wp-json\/wp\/v2\/pages\/420\/revisions"}],"predecessor-version":[{"id":435,"href":"http:\/\/blogjparrignon.net\/asc2i\/wp-json\/wp\/v2\/pages\/420\/revisions\/435"}],"wp:attachment":[{"href":"http:\/\/blogjparrignon.net\/asc2i\/wp-json\/wp\/v2\/media?parent=420"}],"curies":[{"name":"wp","href":"https:\/\/api.w.org\/{rel}","templated":true}]}}