{"id":385,"date":"2016-10-22T23:10:12","date_gmt":"2016-10-22T22:10:12","guid":{"rendered":"http:\/\/blogjparrignon.net\/asc2i\/?page_id=385"},"modified":"2016-10-22T23:10:12","modified_gmt":"2016-10-22T22:10:12","slug":"la-russie-des-tsars","status":"publish","type":"page","link":"http:\/\/blogjparrignon.net\/asc2i\/la-russie-des-tsars\/","title":{"rendered":"La Russie des Tsars"},"content":{"rendered":"<p class=\"titre\"><img loading=\"lazy\" decoding=\"async\" class=\"alignnone size-full wp-image-384\" src=\"http:\/\/blogjparrignon.net\/asc2i\/wp-content\/uploads\/2015\/05\/La-Russie-des-Tsars-Small.jpg\" alt=\"la-russie-des-tsars-small\" width=\"186\" height=\"281\" srcset=\"http:\/\/blogjparrignon.net\/asc2i\/wp-content\/uploads\/2015\/05\/La-Russie-des-Tsars-Small.jpg 186w, http:\/\/blogjparrignon.net\/asc2i\/wp-content\/uploads\/2015\/05\/La-Russie-des-Tsars-Small-139x210.jpg 139w\" sizes=\"auto, (max-width: 186px) 100vw, 186px\" \/><\/p>\n<p class=\"titre\"><strong>La Russie des Tsars : d&rsquo;Ivan le Terrible \u00e0 Vladimir Poutine<\/strong><br \/>\n<span class=\"auteur\"><a>Directeur : Emmanuel HECHT<\/a><br \/>\n<a href=\"http:\/\/www.editions-perrin.fr\/auteur\/collectif\/15760\"> COLLECTIF<\/a><\/span><br \/>\nISBN : 9782262051648<br \/>\n400 pages<br \/>\n<a href=\"http:\/\/www.editions-perrin.fr\/livre\/syntheses-historiques\">Synth\u00e8ses historiques<\/a><br \/>\n18\/08\/2016<\/p>\n<div class=\"bio\"><strong><strong>Le pouvoir absolu comme fil d&rsquo;Ariane de l&rsquo;histoire russe.<\/strong><br \/>\n<\/strong><\/p>\n<p>La Russie ? \u00ab Une autocratie temp\u00e9r\u00e9e par l&rsquo;assassinat \u00bb selon la formule c\u00e9l\u00e8bre pr\u00eat\u00e9e \u00e0 Astolphe de Custine, auteur de \u00ab La Russie en 1839 \u00bb. Sauf que cet absolutisme perdure sous le communisme et que l&rsquo;on en trouve plus que des traces dans l&rsquo;actuelle Russie poutinienne.<br \/>\nA l&rsquo;inverse, chaque r\u00e9formateur qui ne fait pas montre d&rsquo;une poigne de fer \u00e9choue \u00e0 l&rsquo;instar de Gorbatchev ou de Boris Eltsine.<br \/>\nD&rsquo;o\u00f9 le titre de cet ouvrage collectif de prestige qui rassemble la cr\u00e8me des historiens et journalistes de l&rsquo;Express. Il pr\u00e9sente dans des textes enlev\u00e9s, mais historiquement puis\u00e9s aux meilleures sources, la personnalit\u00e9 et l&rsquo;action des dix-huit chefs d&rsquo;Etat embl\u00e9matiques de la Russie et de l&rsquo;URSS depuis Ivan le Terrible \u2013 le bien nomm\u00e9- jusqu&rsquo;\u00e0 Vladimir Poutine.<\/p>\n<p><a href=\"http:\/\/www.editions-perrin.fr\/livre\/la-russie-des-tsars-d-ivan-le-terrible-a-vladimir-poutine\/9782262051648\">Voir le site de l\u2019\u00e9diteur<\/a><\/p>\n<\/div>\n","protected":false},"excerpt":{"rendered":"<p>La Russie des Tsars : d&rsquo;Ivan le Terrible \u00e0 Vladimir Poutine Directeur : Emmanuel HECHT COLLECTIF ISBN : 9782262051648 400 pages Synth\u00e8ses historiques 18\/08\/2016 Le pouvoir absolu comme fil d&rsquo;Ariane de l&rsquo;histoire russe. La Russie ? \u00ab Une autocratie temp\u00e9r\u00e9e par l&rsquo;assassinat \u00bb selon la formule c\u00e9l\u00e8bre pr\u00eat\u00e9e \u00e0 Astolphe &hellip; <a class=\"readmore\" href=\"http:\/\/blogjparrignon.net\/asc2i\/la-russie-des-tsars\/\">Lire la suite &rarr;<\/a><\/p>\n","protected":false},"author":2,"featured_media":0,"parent":0,"menu_order":0,"comment_status":"closed","ping_status":"closed","template":"","meta":{"footnotes":""},"class_list":["post-385","page","type-page","status-publish","hentry"],"_links":{"self":[{"href":"http:\/\/blogjparrignon.net\/asc2i\/wp-json\/wp\/v2\/pages\/385","targetHints":{"allow":["GET"]}}],"collection":[{"href":"http:\/\/blogjparrignon.net\/asc2i\/wp-json\/wp\/v2\/pages"}],"about":[{"href":"http:\/\/blogjparrignon.net\/asc2i\/wp-json\/wp\/v2\/types\/page"}],"author":[{"embeddable":true,"href":"http:\/\/blogjparrignon.net\/asc2i\/wp-json\/wp\/v2\/users\/2"}],"replies":[{"embeddable":true,"href":"http:\/\/blogjparrignon.net\/asc2i\/wp-json\/wp\/v2\/comments?post=385"}],"version-history":[{"count":1,"href":"http:\/\/blogjparrignon.net\/asc2i\/wp-json\/wp\/v2\/pages\/385\/revisions"}],"predecessor-version":[{"id":387,"href":"http:\/\/blogjparrignon.net\/asc2i\/wp-json\/wp\/v2\/pages\/385\/revisions\/387"}],"wp:attachment":[{"href":"http:\/\/blogjparrignon.net\/asc2i\/wp-json\/wp\/v2\/media?parent=385"}],"curies":[{"name":"wp","href":"https:\/\/api.w.org\/{rel}","templated":true}]}}