{"id":202,"date":"2014-05-23T17:33:24","date_gmt":"2014-05-23T16:33:24","guid":{"rendered":"http:\/\/blogjparrignon.net\/asc2i\/?page_id=202"},"modified":"2014-06-15T22:42:00","modified_gmt":"2014-06-15T21:42:00","slug":"les-trente-nuits-qui-ont-fait-lhistoire","status":"publish","type":"page","link":"http:\/\/blogjparrignon.net\/asc2i\/les-trente-nuits-qui-ont-fait-lhistoire\/","title":{"rendered":"Les Trente nuits qui ont fait l&rsquo;Histoire"},"content":{"rendered":"<p><a href=\"http:\/\/blogjparrignon.net\/asc2i\/wp-content\/uploads\/2014\/05\/les-trentes-nuits.png\"><img loading=\"lazy\" decoding=\"async\" class=\"alignnone size-full wp-image-203\" src=\"http:\/\/blogjparrignon.net\/asc2i\/wp-content\/uploads\/2014\/05\/les-trentes-nuits.png\" alt=\"les trentes nuits\" width=\"186\" height=\"271\" srcset=\"http:\/\/blogjparrignon.net\/asc2i\/wp-content\/uploads\/2014\/05\/les-trentes-nuits.png 186w, http:\/\/blogjparrignon.net\/asc2i\/wp-content\/uploads\/2014\/05\/les-trentes-nuits-144x210.png 144w\" sizes=\"auto, (max-width: 186px) 100vw, 186px\" \/><\/a><\/p>\n<p>MISE EN LIBRAIRIE\u00a0: MAI 2014<\/p>\n<h1><span style=\"color: #ff0000;\"><strong><em>Les Trente nuits qui ont fait l\u2019histoire.<\/em><\/strong><\/span><\/h1>\n<p><strong><em>Collectif <\/em><\/strong><\/p>\n<p><strong><em>Notamment le Pr. Jean-Pierre ARRIGNON, L&rsquo;Abdication des Romanov<\/em><\/strong><\/p>\n<p>&nbsp;<\/p>\n<p>L\u2019OUVRAGE\u00a0:<\/p>\n<p>De la Commune de Paris au D\u00e9barquement du 6 juin 1944, en comptant bien \u00e9videmment le fameux 25 d\u00e9cembre, la nuit a \u00e9t\u00e9 le th\u00e9\u00e2tre des plus grands bouleversements de l\u2019histoire. Il \u00e9tait temps de faire le r\u00e9cit de ces \u00e9v\u00e9nements qui, en un soir, chang\u00e8rent la face du monde. Chacun des trente chapitres qui composent ce livre est racont\u00e9 dans un style vif et narratif par un historien de renom, qui s\u2019efforce de faire ressortir le caract\u00e8re inattendu de chacune de ces nuits. Personne ne s\u2019attendait en effet \u00e0 voir les Alli\u00e9s d\u00e9barquer sur les c\u00f4tes normandes, ni Louis XVI fuir Paris, ni les Gaulois envahir Rome, ni les protestants se faire massacrer lors de la Saint-Barth\u00e9lemy, et pourtant, une nuit, presque secr\u00e8tement, tout cela a eu lieu.<\/p>\n<p>De la d\u00e9couverte du feu \u00e0 la guerre en Irak, c\u2019est paradoxalement alors que toutes les activit\u00e9s humaines sont suspendues, o\u00f9 tout est en repos, que s\u2019est jou\u00e9 le destin du monde. C\u2019est le r\u00e9cit et l\u2019analyse de ces moments o\u00f9 l\u2019histoire devient un drame, une sc\u00e8ne o\u00f9, en quelques heures, se nouent et se d\u00e9nouent les \u00e9v\u00e9nements les plus marquants qui est ici propos\u00e9.<\/p>\n<p>&nbsp;<\/p>\n<p><iframe loading=\"lazy\" style=\"width: 120px; height: 240px;\" src=\"http:\/\/rcm-eu.amazon-adsystem.com\/e\/cm?t=blogjparrigno-21&amp;o=8&amp;p=8&amp;l=as1&amp;asins=270119010X&amp;ref=tf_til&amp;fc1=000000&amp;IS2=1&amp;lt1=_blank&amp;m=amazon&amp;lc1=0000FF&amp;bc1=FFFFFF&amp;bg1=FFFFFF&amp;f=ifr\" width=\"300\" height=\"150\" frameborder=\"0\" marginwidth=\"0\" marginheight=\"0\" scrolling=\"no\"><\/iframe><\/p>\n<p>&nbsp;<\/p>\n","protected":false},"excerpt":{"rendered":"<p>MISE EN LIBRAIRIE\u00a0: MAI 2014 Les Trente nuits qui ont fait l\u2019histoire. Collectif Notamment le Pr. Jean-Pierre ARRIGNON, L&rsquo;Abdication des Romanov &nbsp; L\u2019OUVRAGE\u00a0: De la Commune de Paris au D\u00e9barquement du 6 juin 1944, en comptant bien \u00e9videmment le fameux 25 d\u00e9cembre, la nuit a \u00e9t\u00e9 le th\u00e9\u00e2tre des plus &hellip; <a class=\"readmore\" href=\"http:\/\/blogjparrignon.net\/asc2i\/les-trente-nuits-qui-ont-fait-lhistoire\/\">Lire la suite &rarr;<\/a><\/p>\n","protected":false},"author":3,"featured_media":0,"parent":0,"menu_order":0,"comment_status":"open","ping_status":"closed","template":"","meta":{"footnotes":""},"class_list":["post-202","page","type-page","status-publish","hentry"],"_links":{"self":[{"href":"http:\/\/blogjparrignon.net\/asc2i\/wp-json\/wp\/v2\/pages\/202","targetHints":{"allow":["GET"]}}],"collection":[{"href":"http:\/\/blogjparrignon.net\/asc2i\/wp-json\/wp\/v2\/pages"}],"about":[{"href":"http:\/\/blogjparrignon.net\/asc2i\/wp-json\/wp\/v2\/types\/page"}],"author":[{"embeddable":true,"href":"http:\/\/blogjparrignon.net\/asc2i\/wp-json\/wp\/v2\/users\/3"}],"replies":[{"embeddable":true,"href":"http:\/\/blogjparrignon.net\/asc2i\/wp-json\/wp\/v2\/comments?post=202"}],"version-history":[{"count":7,"href":"http:\/\/blogjparrignon.net\/asc2i\/wp-json\/wp\/v2\/pages\/202\/revisions"}],"predecessor-version":[{"id":230,"href":"http:\/\/blogjparrignon.net\/asc2i\/wp-json\/wp\/v2\/pages\/202\/revisions\/230"}],"wp:attachment":[{"href":"http:\/\/blogjparrignon.net\/asc2i\/wp-json\/wp\/v2\/media?parent=202"}],"curies":[{"name":"wp","href":"https:\/\/api.w.org\/{rel}","templated":true}]}}